{"id":75,"date":"2019-08-08T12:30:07","date_gmt":"2019-08-08T12:30:07","guid":{"rendered":"https:\/\/klick-blau.de\/WP\/?page_id=75"},"modified":"2026-01-08T14:19:13","modified_gmt":"2026-01-08T13:19:13","slug":"startseite","status":"publish","type":"page","link":"https:\/\/klick-blau.de\/WP\/","title":{"rendered":"Startseite"},"content":{"rendered":"\n<p class=\"has-text-align-center\">Mit Ende 2025 sind wir nicht mehr als Aussteller auf M\u00e4rkten anzutreffen. <br>Wir werden aber weiterhin f\u00fcr Sie da sein und unsere <em>Fenster <\/em>mit Wunschmotiven best\u00fccken.<\/p>\n\n\n\n<p class=\"has-text-align-center\"><strong>Hier ein kleiner Einblick in unser Sortiment<\/strong><\/p>\n\n\n\n<figure class=\"wp-block-image aligncenter size-large is-resized\"><img data-recalc-dims=\"1\" loading=\"lazy\" decoding=\"async\" width=\"682\" height=\"1024\" src=\"https:\/\/i0.wp.com\/klick-blau.de\/WP\/wp-content\/uploads\/2020\/02\/k-7.jpg?resize=682%2C1024&#038;ssl=1\" alt=\"\" class=\"wp-image-353\" style=\"width:487px;height:731px\" srcset=\"https:\/\/i0.wp.com\/klick-blau.de\/WP\/wp-content\/uploads\/2020\/02\/k-7.jpg?w=682&amp;ssl=1 682w, https:\/\/i0.wp.com\/klick-blau.de\/WP\/wp-content\/uploads\/2020\/02\/k-7.jpg?resize=200%2C300&amp;ssl=1 200w\" sizes=\"auto, (max-width: 682px) 100vw, 682px\" \/><figcaption class=\"wp-element-caption\">Unsere alten Fenster mit verschiedensten Motiven.<\/figcaption><\/figure>\n\n\n\n<figure class=\"wp-block-image aligncenter\"><img data-recalc-dims=\"1\" loading=\"lazy\" decoding=\"async\" width=\"640\" height=\"480\" src=\"https:\/\/i0.wp.com\/klick-blau.de\/WP\/wp-content\/uploads\/2019\/08\/bilderrahmen1.jpg?resize=640%2C480&#038;ssl=1\" alt=\"\" class=\"wp-image-76\" srcset=\"https:\/\/i0.wp.com\/klick-blau.de\/WP\/wp-content\/uploads\/2019\/08\/bilderrahmen1.jpg?w=640&amp;ssl=1 640w, https:\/\/i0.wp.com\/klick-blau.de\/WP\/wp-content\/uploads\/2019\/08\/bilderrahmen1.jpg?resize=300%2C225&amp;ssl=1 300w\" sizes=\"auto, (max-width: 640px) 100vw, 640px\" \/><figcaption class=\"wp-element-caption\"> Die Motive werden passend zu den Bilderrahmen ausgew\u00e4hlt, sodass sie ein sehr harmonisches Bild ergeben. <\/figcaption><\/figure>\n\n\n\n<figure class=\"wp-block-image aligncenter\"><img data-recalc-dims=\"1\" loading=\"lazy\" decoding=\"async\" width=\"640\" height=\"480\" src=\"https:\/\/i0.wp.com\/klick-blau.de\/WP\/wp-content\/uploads\/2019\/08\/bilderrahmen2.jpg?resize=640%2C480&#038;ssl=1\" alt=\"\" class=\"wp-image-77\" srcset=\"https:\/\/i0.wp.com\/klick-blau.de\/WP\/wp-content\/uploads\/2019\/08\/bilderrahmen2.jpg?w=640&amp;ssl=1 640w, https:\/\/i0.wp.com\/klick-blau.de\/WP\/wp-content\/uploads\/2019\/08\/bilderrahmen2.jpg?resize=300%2C225&amp;ssl=1 300w\" sizes=\"auto, (max-width: 640px) 100vw, 640px\" \/><figcaption class=\"wp-element-caption\"> Das Bilderrahmenglas wird extra passgenau gefertigt und ist entspiegelt.<\/figcaption><\/figure>\n\n\n\n<figure class=\"wp-block-image aligncenter\"><img data-recalc-dims=\"1\" loading=\"lazy\" decoding=\"async\" width=\"640\" height=\"480\" src=\"https:\/\/i0.wp.com\/klick-blau.de\/WP\/wp-content\/uploads\/2019\/08\/bilderrahmen3.jpg?resize=640%2C480&#038;ssl=1\" alt=\"\" class=\"wp-image-78\" srcset=\"https:\/\/i0.wp.com\/klick-blau.de\/WP\/wp-content\/uploads\/2019\/08\/bilderrahmen3.jpg?w=640&amp;ssl=1 640w, https:\/\/i0.wp.com\/klick-blau.de\/WP\/wp-content\/uploads\/2019\/08\/bilderrahmen3.jpg?resize=300%2C225&amp;ssl=1 300w\" sizes=\"auto, (max-width: 640px) 100vw, 640px\" \/><figcaption class=\"wp-element-caption\"> Es ist auf <a href=\"mailto: info@klick-blau.de\">Anfrage <\/a>auch m\u00f6glich, Wunschmotive zu nennen und diese in der gew\u00fcnschten Bilderrahmenfarbe zu erhalten.<\/figcaption><\/figure>\n\n\n\n<figure class=\"wp-block-image aligncenter\"><img data-recalc-dims=\"1\" loading=\"lazy\" decoding=\"async\" width=\"480\" height=\"640\" src=\"https:\/\/i0.wp.com\/klick-blau.de\/WP\/wp-content\/uploads\/2019\/08\/bilderrahmen4.jpg?resize=480%2C640&#038;ssl=1\" alt=\"\" class=\"wp-image-79\" srcset=\"https:\/\/i0.wp.com\/klick-blau.de\/WP\/wp-content\/uploads\/2019\/08\/bilderrahmen4.jpg?w=480&amp;ssl=1 480w, https:\/\/i0.wp.com\/klick-blau.de\/WP\/wp-content\/uploads\/2019\/08\/bilderrahmen4.jpg?resize=225%2C300&amp;ssl=1 225w\" sizes=\"auto, (max-width: 480px) 100vw, 480px\" \/><figcaption class=\"wp-element-caption\"> <\/figcaption><\/figure>\n\n\n\n<p><\/p>\n","protected":false},"excerpt":{"rendered":"<p>Mit Ende 2025 sind wir nicht mehr als Aussteller auf M\u00e4rkten anzutreffen. Wir werden aber weiterhin f\u00fcr Sie da sein und unsere Fenster mit Wunschmotiven best\u00fccken. Hier ein kleiner Einblick in unser Sortiment<\/p>\n","protected":false},"author":4,"featured_media":0,"parent":0,"menu_order":0,"comment_status":"closed","ping_status":"closed","template":"","meta":{"site-sidebar-layout":"default","site-content-layout":"default","ast-site-content-layout":"default","site-content-style":"default","site-sidebar-style":"default","ast-global-header-display":"","ast-banner-title-visibility":"","ast-main-header-display":"","ast-hfb-above-header-display":"","ast-hfb-below-header-display":"","ast-hfb-mobile-header-display":"","site-post-title":"disabled","ast-breadcrumbs-content":"","ast-featured-img":"","footer-sml-layout":"","ast-disable-related-posts":"","theme-transparent-header-meta":"default","adv-header-id-meta":"","stick-header-meta":"","header-above-stick-meta":"","header-main-stick-meta":"","header-below-stick-meta":"","astra-migrate-meta-layouts":"set","ast-page-background-enabled":"default","ast-page-background-meta":{"desktop":{"background-color":"","background-image":"","background-repeat":"repeat","background-position":"center center","background-size":"auto","background-attachment":"scroll","background-type":"","background-media":"","overlay-type":"","overlay-color":"","overlay-opacity":"","overlay-gradient":""},"tablet":{"background-color":"","background-image":"","background-repeat":"repeat","background-position":"center center","background-size":"auto","background-attachment":"scroll","background-type":"","background-media":"","overlay-type":"","overlay-color":"","overlay-opacity":"","overlay-gradient":""},"mobile":{"background-color":"","background-image":"","background-repeat":"repeat","background-position":"center center","background-size":"auto","background-attachment":"scroll","background-type":"","background-media":"","overlay-type":"","overlay-color":"","overlay-opacity":"","overlay-gradient":""}},"ast-content-background-meta":{"desktop":{"background-color":"var(--ast-global-color-5)","background-image":"","background-repeat":"repeat","background-position":"center center","background-size":"auto","background-attachment":"scroll","background-type":"","background-media":"","overlay-type":"","overlay-color":"","overlay-opacity":"","overlay-gradient":""},"tablet":{"background-color":"var(--ast-global-color-5)","background-image":"","background-repeat":"repeat","background-position":"center center","background-size":"auto","background-attachment":"scroll","background-type":"","background-media":"","overlay-type":"","overlay-color":"","overlay-opacity":"","overlay-gradient":""},"mobile":{"background-color":"var(--ast-global-color-5)","background-image":"","background-repeat":"repeat","background-position":"center center","background-size":"auto","background-attachment":"scroll","background-type":"","background-media":"","overlay-type":"","overlay-color":"","overlay-opacity":"","overlay-gradient":""}},"footnotes":""},"class_list":["post-75","page","type-page","status-publish","hentry"],"yoast_head":"<!-- This site is optimized with the Yoast SEO plugin v27.3 - https:\/\/yoast.com\/product\/yoast-seo-wordpress\/ -->\n<title>www.klick-blau.de<\/title>\n<meta name=\"description\" content=\"KLICK-BLAU.DE Landschaftsaufnahmen in Holzrahmen und auf Leinwand.KLICK-BLAU.DE\" \/>\n<meta name=\"robots\" content=\"index, follow, max-snippet:-1, max-image-preview:large, max-video-preview:-1\" \/>\n<link rel=\"canonical\" href=\"https:\/\/klick-blau.de\/WP\/\" \/>\n<meta property=\"og:locale\" content=\"de_DE\" \/>\n<meta property=\"og:type\" content=\"article\" \/>\n<meta property=\"og:title\" content=\"www.klick-blau.de\" \/>\n<meta property=\"og:description\" content=\"KLICK-BLAU.DE Landschaftsaufnahmen in Holzrahmen und auf Leinwand.KLICK-BLAU.DE\" \/>\n<meta property=\"og:url\" content=\"https:\/\/klick-blau.de\/WP\/\" \/>\n<meta property=\"og:site_name\" content=\"KLICK-BLAU.DE\" \/>\n<meta property=\"article:modified_time\" content=\"2026-01-08T13:19:13+00:00\" \/>\n<meta property=\"og:image\" content=\"https:\/\/klick-blau.de\/WP\/wp-content\/uploads\/2020\/02\/k-7.jpg\" \/>\n<meta name=\"twitter:card\" content=\"summary_large_image\" \/>\n<meta name=\"twitter:label1\" content=\"Gesch\u00e4tzte Lesezeit\" \/>\n\t<meta name=\"twitter:data1\" content=\"2\u00a0Minuten\" \/>\n<script type=\"application\/ld+json\" class=\"yoast-schema-graph\">{\"@context\":\"https:\\\/\\\/schema.org\",\"@graph\":[{\"@type\":\"WebPage\",\"@id\":\"https:\\\/\\\/klick-blau.de\\\/WP\\\/\",\"url\":\"https:\\\/\\\/klick-blau.de\\\/WP\\\/\",\"name\":\"www.klick-blau.de\",\"isPartOf\":{\"@id\":\"https:\\\/\\\/klick-blau.de\\\/WP\\\/#website\"},\"primaryImageOfPage\":{\"@id\":\"https:\\\/\\\/klick-blau.de\\\/WP\\\/#primaryimage\"},\"image\":{\"@id\":\"https:\\\/\\\/klick-blau.de\\\/WP\\\/#primaryimage\"},\"thumbnailUrl\":\"https:\\\/\\\/klick-blau.de\\\/WP\\\/wp-content\\\/uploads\\\/2020\\\/02\\\/k-7.jpg\",\"datePublished\":\"2019-08-08T12:30:07+00:00\",\"dateModified\":\"2026-01-08T13:19:13+00:00\",\"description\":\"KLICK-BLAU.DE Landschaftsaufnahmen in Holzrahmen und auf Leinwand.KLICK-BLAU.DE\",\"breadcrumb\":{\"@id\":\"https:\\\/\\\/klick-blau.de\\\/WP\\\/#breadcrumb\"},\"inLanguage\":\"de\",\"potentialAction\":[{\"@type\":\"ReadAction\",\"target\":[\"https:\\\/\\\/klick-blau.de\\\/WP\\\/\"]}]},{\"@type\":\"ImageObject\",\"inLanguage\":\"de\",\"@id\":\"https:\\\/\\\/klick-blau.de\\\/WP\\\/#primaryimage\",\"url\":\"https:\\\/\\\/i0.wp.com\\\/klick-blau.de\\\/WP\\\/wp-content\\\/uploads\\\/2020\\\/02\\\/k-7.jpg?fit=682%2C1024&ssl=1\",\"contentUrl\":\"https:\\\/\\\/i0.wp.com\\\/klick-blau.de\\\/WP\\\/wp-content\\\/uploads\\\/2020\\\/02\\\/k-7.jpg?fit=682%2C1024&ssl=1\",\"width\":682,\"height\":1024},{\"@type\":\"BreadcrumbList\",\"@id\":\"https:\\\/\\\/klick-blau.de\\\/WP\\\/#breadcrumb\",\"itemListElement\":[{\"@type\":\"ListItem\",\"position\":1,\"name\":\"Home\",\"item\":\"https:\\\/\\\/klick-blau.de\\\/WP\\\/\"},{\"@type\":\"ListItem\",\"position\":2,\"name\":\"Startseite\"}]},{\"@type\":\"WebSite\",\"@id\":\"https:\\\/\\\/klick-blau.de\\\/WP\\\/#website\",\"url\":\"https:\\\/\\\/klick-blau.de\\\/WP\\\/\",\"name\":\"KLICK-BLAU.DE\",\"description\":\"www.klick-blau.de\",\"publisher\":{\"@id\":\"https:\\\/\\\/klick-blau.de\\\/WP\\\/#organization\"},\"potentialAction\":[{\"@type\":\"SearchAction\",\"target\":{\"@type\":\"EntryPoint\",\"urlTemplate\":\"https:\\\/\\\/klick-blau.de\\\/WP\\\/?s={search_term_string}\"},\"query-input\":{\"@type\":\"PropertyValueSpecification\",\"valueRequired\":true,\"valueName\":\"search_term_string\"}}],\"inLanguage\":\"de\"},{\"@type\":\"Organization\",\"@id\":\"https:\\\/\\\/klick-blau.de\\\/WP\\\/#organization\",\"name\":\"Klick-Blau\",\"url\":\"https:\\\/\\\/klick-blau.de\\\/WP\\\/\",\"logo\":{\"@type\":\"ImageObject\",\"inLanguage\":\"de\",\"@id\":\"https:\\\/\\\/klick-blau.de\\\/WP\\\/#\\\/schema\\\/logo\\\/image\\\/\",\"url\":\"https:\\\/\\\/klick-blau.de\\\/WP\\\/wp-content\\\/uploads\\\/2019\\\/07\\\/Klick-Blau_logo.jpg\",\"contentUrl\":\"https:\\\/\\\/klick-blau.de\\\/WP\\\/wp-content\\\/uploads\\\/2019\\\/07\\\/Klick-Blau_logo.jpg\",\"width\":188,\"height\":148,\"caption\":\"Klick-Blau\"},\"image\":{\"@id\":\"https:\\\/\\\/klick-blau.de\\\/WP\\\/#\\\/schema\\\/logo\\\/image\\\/\"}}]}<\/script>\n<!-- \/ Yoast SEO plugin. -->","yoast_head_json":{"title":"www.klick-blau.de","description":"KLICK-BLAU.DE Landschaftsaufnahmen in Holzrahmen und auf Leinwand.KLICK-BLAU.DE","robots":{"index":"index","follow":"follow","max-snippet":"max-snippet:-1","max-image-preview":"max-image-preview:large","max-video-preview":"max-video-preview:-1"},"canonical":"https:\/\/klick-blau.de\/WP\/","og_locale":"de_DE","og_type":"article","og_title":"www.klick-blau.de","og_description":"KLICK-BLAU.DE Landschaftsaufnahmen in Holzrahmen und auf Leinwand.KLICK-BLAU.DE","og_url":"https:\/\/klick-blau.de\/WP\/","og_site_name":"KLICK-BLAU.DE","article_modified_time":"2026-01-08T13:19:13+00:00","og_image":[{"url":"https:\/\/klick-blau.de\/WP\/wp-content\/uploads\/2020\/02\/k-7.jpg","type":"","width":"","height":""}],"twitter_card":"summary_large_image","twitter_misc":{"Gesch\u00e4tzte Lesezeit":"2\u00a0Minuten"},"schema":{"@context":"https:\/\/schema.org","@graph":[{"@type":"WebPage","@id":"https:\/\/klick-blau.de\/WP\/","url":"https:\/\/klick-blau.de\/WP\/","name":"www.klick-blau.de","isPartOf":{"@id":"https:\/\/klick-blau.de\/WP\/#website"},"primaryImageOfPage":{"@id":"https:\/\/klick-blau.de\/WP\/#primaryimage"},"image":{"@id":"https:\/\/klick-blau.de\/WP\/#primaryimage"},"thumbnailUrl":"https:\/\/klick-blau.de\/WP\/wp-content\/uploads\/2020\/02\/k-7.jpg","datePublished":"2019-08-08T12:30:07+00:00","dateModified":"2026-01-08T13:19:13+00:00","description":"KLICK-BLAU.DE Landschaftsaufnahmen in Holzrahmen und auf Leinwand.KLICK-BLAU.DE","breadcrumb":{"@id":"https:\/\/klick-blau.de\/WP\/#breadcrumb"},"inLanguage":"de","potentialAction":[{"@type":"ReadAction","target":["https:\/\/klick-blau.de\/WP\/"]}]},{"@type":"ImageObject","inLanguage":"de","@id":"https:\/\/klick-blau.de\/WP\/#primaryimage","url":"https:\/\/i0.wp.com\/klick-blau.de\/WP\/wp-content\/uploads\/2020\/02\/k-7.jpg?fit=682%2C1024&ssl=1","contentUrl":"https:\/\/i0.wp.com\/klick-blau.de\/WP\/wp-content\/uploads\/2020\/02\/k-7.jpg?fit=682%2C1024&ssl=1","width":682,"height":1024},{"@type":"BreadcrumbList","@id":"https:\/\/klick-blau.de\/WP\/#breadcrumb","itemListElement":[{"@type":"ListItem","position":1,"name":"Home","item":"https:\/\/klick-blau.de\/WP\/"},{"@type":"ListItem","position":2,"name":"Startseite"}]},{"@type":"WebSite","@id":"https:\/\/klick-blau.de\/WP\/#website","url":"https:\/\/klick-blau.de\/WP\/","name":"KLICK-BLAU.DE","description":"www.klick-blau.de","publisher":{"@id":"https:\/\/klick-blau.de\/WP\/#organization"},"potentialAction":[{"@type":"SearchAction","target":{"@type":"EntryPoint","urlTemplate":"https:\/\/klick-blau.de\/WP\/?s={search_term_string}"},"query-input":{"@type":"PropertyValueSpecification","valueRequired":true,"valueName":"search_term_string"}}],"inLanguage":"de"},{"@type":"Organization","@id":"https:\/\/klick-blau.de\/WP\/#organization","name":"Klick-Blau","url":"https:\/\/klick-blau.de\/WP\/","logo":{"@type":"ImageObject","inLanguage":"de","@id":"https:\/\/klick-blau.de\/WP\/#\/schema\/logo\/image\/","url":"https:\/\/klick-blau.de\/WP\/wp-content\/uploads\/2019\/07\/Klick-Blau_logo.jpg","contentUrl":"https:\/\/klick-blau.de\/WP\/wp-content\/uploads\/2019\/07\/Klick-Blau_logo.jpg","width":188,"height":148,"caption":"Klick-Blau"},"image":{"@id":"https:\/\/klick-blau.de\/WP\/#\/schema\/logo\/image\/"}}]}},"jetpack_sharing_enabled":true,"_links":{"self":[{"href":"https:\/\/klick-blau.de\/WP\/wp-json\/wp\/v2\/pages\/75","targetHints":{"allow":["GET"]}}],"collection":[{"href":"https:\/\/klick-blau.de\/WP\/wp-json\/wp\/v2\/pages"}],"about":[{"href":"https:\/\/klick-blau.de\/WP\/wp-json\/wp\/v2\/types\/page"}],"author":[{"embeddable":true,"href":"https:\/\/klick-blau.de\/WP\/wp-json\/wp\/v2\/users\/4"}],"replies":[{"embeddable":true,"href":"https:\/\/klick-blau.de\/WP\/wp-json\/wp\/v2\/comments?post=75"}],"version-history":[{"count":14,"href":"https:\/\/klick-blau.de\/WP\/wp-json\/wp\/v2\/pages\/75\/revisions"}],"predecessor-version":[{"id":13851,"href":"https:\/\/klick-blau.de\/WP\/wp-json\/wp\/v2\/pages\/75\/revisions\/13851"}],"wp:attachment":[{"href":"https:\/\/klick-blau.de\/WP\/wp-json\/wp\/v2\/media?parent=75"}],"curies":[{"name":"wp","href":"https:\/\/api.w.org\/{rel}","templated":true}]}}